{"id":441,"date":"2022-07-22T17:02:36","date_gmt":"2022-07-22T15:02:36","guid":{"rendered":"http:\/\/www.rossioffice1.com\/?page_id=441"},"modified":"2022-07-22T17:02:36","modified_gmt":"2022-07-22T15:02:36","slug":"software-gestionali","status":"publish","type":"page","link":"https:\/\/www.rossioffice.com\/?page_id=441","title":{"rendered":"Software Gestionali"},"content":{"rendered":"\n<h4 class=\"wp-block-heading\">Software gestionale Rossi Office<\/h4>\n\n\n\n<p>La soluzione adatta per&nbsp;<strong>retail<\/strong>,&nbsp;<strong>aziende<\/strong>,&nbsp;<strong>negozi<\/strong>,&nbsp;<strong>punti vendita<\/strong>.<\/p>\n\n\n\n<p>Il&nbsp;<em>software gestionale per negozi<\/em>&nbsp;che Rossi Office propone \u00e8 ideale per chi vuole&nbsp;<strong>gestire<\/strong>,&nbsp;<strong>amministrare<\/strong>&nbsp;al meglio il proprio&nbsp;<strong>punto vendita<\/strong>. Perch\u00e9?<br>Quali sono le soluzione che proponiamo?<\/p>\n\n\n\n<p>Ci occupiamo di\u00a0<em>contabilit\u00e0<\/em>,\u00a0<em>gestione del magazzino<\/em>,\u00a0<em>rilevazione delle presenze<\/em>\u00a0e dell&#8217;<em>ottimizzazione degli accessi<\/em>. Proponiamo diverse soluzioni in relazione alle necessit\u00e0 della tua azienda. I nostri clienti sono pmi che lavorano in diversi settori del mercato italiano.<br>Venendo incontro alle richieste di diversi clienti che si occupano della ristorazione, bar, tour operator, magazzini, Rossi Office ha elaborato la sua offerta. Con\u00a0<strong>Quadro<\/strong> o <strong>Odoo<\/strong>\u00a0e\u00a0<strong>Retail Shop Automation<\/strong>\u00a0potrai valutare soluzioni organizzative per la tua attivit\u00e0.<\/p>\n\n\n\n<h4 class=\"wp-block-heading\">Rossi Office ti aiuta nella scelta<\/h4>\n\n\n\n<p>Non sei sicuro di quale software \u00e8 pi\u00f9 adatto alla tua attivit\u00e0? Contattaci e ti accompagneremo nella scelta delle nostre soluzioni gestionali.<\/p>\n\n\n\n<h4 class=\"wp-block-heading\">La suite Quadro: software gestionali per aziende.<\/h4>\n\n\n\n<p>I\u00a0<strong>software gestionali<\/strong>\u00a0compresi nella\u00a0<strong>suite Quadro<\/strong>\u00a0sono adatti per aziende piccole e medie che vogliono organizzare il proprio business aziendale in modo efficace.<br>Proponiamo diverse soluzioni, adatte ad altrettante tipologie di lavoro.<\/p>\n\n\n\n<h4 class=\"wp-block-heading\">Quadro Gestionale Aziendale<\/h4>\n\n\n\n<p>Il software che proponiamo \u00e8&nbsp;<strong>Quadro gestionale aziendale<\/strong>. Destinato alle Pmi, \u00e8 un sistema di gestione aziendale che permette varie funzioni di gestione tra cui:<\/p>\n\n\n\n<ul class=\"wp-block-list\"><li>Acquisti<\/li><li>Vendite<\/li><li>Magazzino<\/li><li>Spedizioni<\/li><li>Fatturazione<\/li><li>Contabilit\u00e0 generale<\/li><li>Produzione<\/li><\/ul>\n\n\n\n<p>Inoltre, grazie alla presenza di diversi moduli, puoi fare un check della produzione: gestisci le aree produttive, le organizzi e puoi visualizzare le aree correlate come: progettazione, pianificazione, logistica ed altre.<\/p>\n\n\n\n<p>Se invece vuoi&nbsp;<strong>rilevare i tempi di produzione della tua azienda<\/strong>, il modulo dedicato permette il controllo di questa fase. Hai sotto mano il flusso di lavoro degli impianti e dei dipendenti.<\/p>\n","protected":false},"excerpt":{"rendered":"<p>Software gestionale Rossi Office La soluzione adatta per&nbsp;retail,&nbsp;aziende,&nbsp;negozi,&nbsp;punti vendita. Il&nbsp;software gestionale per negozi&nbsp;che Rossi Office propone \u00e8 ideale per chi vuole&nbsp;gestire,&nbsp;amministrare&nbsp;al meglio il proprio&nbsp;punto vendita. Perch\u00e9?Quali sono le soluzione che proponiamo? Ci occupiamo di\u00a0contabilit\u00e0,\u00a0gestione del magazzino,\u00a0rilevazione delle presenze\u00a0e dell&#8217;ottimizzazione degli accessi. Proponiamo diverse soluzioni in relazione alle necessit\u00e0 della tua azienda. I nostri clienti sono [&hellip;]<\/p>\n","protected":false},"author":1,"featured_media":0,"parent":0,"menu_order":0,"comment_status":"closed","ping_status":"closed","template":"","meta":{"footnotes":""},"class_list":["post-441","page","type-page","status-publish","hentry"],"_links":{"self":[{"href":"https:\/\/www.rossioffice.com\/index.php?rest_route=\/wp\/v2\/pages\/441","targetHints":{"allow":["GET"]}}],"collection":[{"href":"https:\/\/www.rossioffice.com\/index.php?rest_route=\/wp\/v2\/pages"}],"about":[{"href":"https:\/\/www.rossioffice.com\/index.php?rest_route=\/wp\/v2\/types\/page"}],"author":[{"embeddable":true,"href":"https:\/\/www.rossioffice.com\/index.php?rest_route=\/wp\/v2\/users\/1"}],"replies":[{"embeddable":true,"href":"https:\/\/www.rossioffice.com\/index.php?rest_route=%2Fwp%2Fv2%2Fcomments&post=441"}],"version-history":[{"count":1,"href":"https:\/\/www.rossioffice.com\/index.php?rest_route=\/wp\/v2\/pages\/441\/revisions"}],"predecessor-version":[{"id":442,"href":"https:\/\/www.rossioffice.com\/index.php?rest_route=\/wp\/v2\/pages\/441\/revisions\/442"}],"wp:attachment":[{"href":"https:\/\/www.rossioffice.com\/index.php?rest_route=%2Fwp%2Fv2%2Fmedia&parent=441"}],"curies":[{"name":"wp","href":"https:\/\/api.w.org\/{rel}","templated":true}]}}