{"id":439,"date":"2022-07-22T17:00:01","date_gmt":"2022-07-22T15:00:01","guid":{"rendered":"http:\/\/www.rossioffice1.com\/?page_id=439"},"modified":"2022-07-22T17:00:01","modified_gmt":"2022-07-22T15:00:01","slug":"registratori-di-cassa-servizi-retail","status":"publish","type":"page","link":"https:\/\/www.rossioffice.com\/?page_id=439","title":{"rendered":"Registratori Di Cassa &#8211; Servizi Retail"},"content":{"rendered":"\n<h4 class=\"wp-block-heading\">Registratori di Cassa Olivetti<br>per il tuo punto vendita<\/h4>\n\n\n\n<p>I&nbsp;<em><strong>registratori di cassa Olivetti<\/strong><\/em>&nbsp;proposti da&nbsp;<strong>Rossi Office<\/strong>&nbsp;sono soluzioni che coniugano design, semplicit\u00e0 d&#8217;uso, affidabilit\u00e0. Le casse automatiche scelte dalla nostra azienda non sono solo dispositivi per la registrazione di transazioni di vendita. E&#8217; pensando con attenzione alle&nbsp;<strong>esigenze commerciali del retail<\/strong>&nbsp;che concretizziamo soluzioni fiscali pi\u00f9 convenienti per i nostri clienti.<\/p>\n\n\n\n<p>Che tu stia cercando un registratore di cassa fiscale per bar, ristorante, o super\/mini-market puoi trovare una selezione dei modelli pi\u00f9 adatti al tuo utilizzo. Infatti, siamo specializzati nell&#8217;offrire un servizio di vendita su aziende commerciali di qualunque dimensione: piccole, medie, grandi.<\/p>\n\n\n\n<h4 class=\"wp-block-heading\">Efficienza per il tuo negozio.<\/h4>\n\n\n\n<p>Sappiamo che il gestore di un negozio deve mediare tra le esigenze del cliente e il crescente sviluppo tecnologico dei registratori di cassa fiscali e non. Sappiamo anche che la gestione del punto vendita pu\u00f2 essere ottimizzata con dei semplici accorgimenti. Per questo proponiamo registratori di cassa classici e stampanti fiscali che permettono di gestire fatture, scontrini in modo automatizzato, sicuro, veloce.<\/p>\n\n\n\n<h4 class=\"wp-block-heading\">Rossi Office \u00e8 stata scelta<br>Best for Color | Best for Retail da Olivetti<\/h4>\n\n\n\n<p><strong>Olivetti<\/strong>&nbsp;\u00e8 sinonimo di Hi-Tech made in Italy, da cui anche un visionario come&nbsp;<strong>Steve Jobs<\/strong>&nbsp;ha tratto spunto per le sue intuizioni creative. Premiando il nostro continuo lavoro di&nbsp;<strong>specializzazione su stampa digitale<\/strong>&nbsp;e&nbsp;<strong>Shop Automation<\/strong>, Olivetti ci ha riconosciuti come&nbsp;<strong>Best for Color &#8211; Best for Retail.<\/strong><\/p>\n\n\n\n<h4 class=\"wp-block-heading\">Vuoi sapere di pi\u00f9 sui registratori di cassa Olivetti?<\/h4>\n\n\n\n<p>Una soluzione computering presenta diverse variabili da tenere in considerazione.<\/p>\n\n\n\n<ul class=\"wp-block-list\"><li>Ambulanti<\/li><li>Bar<\/li><li>Ristorazione<\/li><li>Tabacchi<\/li><li>Negozi di tutti i tipi (Piccoli \/ Medi \/ Grandi)<\/li><\/ul>\n\n\n\n<h4 class=\"wp-block-heading\">Registratori di cassa per Ambulanti: flessibilit\u00e0 di utilizzo e tecnologia Olivetti.<\/h4>\n\n\n\n<p>I&nbsp;<em>registratori di cassa per ambulanti<\/em>&nbsp;che Rossi Office propone sono soluzioni pensate appositamente per i&nbsp;<strong>commercianti<\/strong>&nbsp;che lavorano in modo itinerante nei mercati, nelle piazze, nelle fiere ed hanno bisogno di una&nbsp;<strong>cassa fiscale flessibile nell&#8217;utilizzo<\/strong>&nbsp;e dalle performance ottimali: autonomia di batteria e facilit\u00e0 di utilizzo.<\/p>\n\n\n\n<p>Rossi Office grazie ai 50 anni di esperienza nell&#8217;offrire&nbsp;<strong>registratori di cassa<\/strong>&nbsp;per imprese individuali e non, consiglia&nbsp;<strong>Nettuna 200 Plus: la cassa in movimento<\/strong>!<\/p>\n\n\n\n<p>Ecco le caratteristiche:<\/p>\n\n\n\n<ul class=\"wp-block-list\"><li>Stampante termica con 1 stazione di stampa da 44,5 o 57,5 mm<\/li><li>Giornale di fondo elettronico<\/li><li>Display cliente e operatore a doppia riga retroilluminati per una facile lettura<\/li><li>Batteria interna ricaricabile facilmente sostituibile dall&#8217;utente<\/li><li>Facilit\u00e0 di installazione<\/li><\/ul>\n\n\n\n<p>Inoltre Rossi Office propone soluzioni software per le esigenze dei commercianti.<\/p>\n\n\n\n<h4 class=\"wp-block-heading\">Registratori di cassa per Bar \u2013 Pasticcerie \u2013 Piccola ristorazione firmati Olivetti.<\/h4>\n\n\n\n<p><em>I registratori di cassa per bar, pasticcerie, piccola ristorazione<\/em>&nbsp;che Rossi Office ha scelto, sono pensati per i flussi di lavoro di questi esercizi commerciali. Sappiamo quanto sia importante un&nbsp;<strong>registratore di cassa fiscale efficiente<\/strong>&nbsp;per gli esercenti e i loro clienti.<\/p>\n\n\n\n<p>La nostra clientela \u00e8 composta da gestori di locali pubblici i cui flussi di vendita di bevande e cibi hanno dei picchi in alcune fasce orarie, in relazione alla tipologia di clientela e al giorno della settimana. I registratori di cassa che proponiamo sono pensati per essere&nbsp;<strong>compatti, efficienti, Hi-Tech e veloci<\/strong>. Ascoltando le esigenze dei nostri clienti, abbiamo pensato a questa gamma di prodotti fiscali.<\/p>\n\n\n\n<p>Inoltre proponiamo&nbsp;<strong>soluzioni software per la gestione personalizzata dei punti vendita<\/strong>.<\/p>\n\n\n\n<h4 class=\"wp-block-heading\">Registratori di cassa per Ristoranti \u2013 Ristorazione evoluta: Olivetti: hi-tech made in Italy.<\/h4>\n\n\n\n<p><em>Registratori di cassa per ristoranti \u2013 ristorazione evoluta<\/em>&nbsp;firmata Olivetti \u00e8 la categoria dei prodotti fiscali touch screen che Rossi Office dedica al Hi-Tech del gusto. Perch\u00e9 gli chef lavorino con accuratezza si ha bisogno di cucine evolute. Perch\u00e9 i clienti valorizzino il vostro prodotto, si ha bisogno di una cassa fiscale&nbsp;<strong>sicura<\/strong>,&nbsp;<strong>tecnologicamente avanzata<\/strong>, che&nbsp;<strong>supporti un alto flusso di utenti<\/strong>.<\/p>\n\n\n\n<p><strong>I registratori di cassa fiscali per ristoranti<\/strong>&nbsp;che proponiamo riescono a gestire&nbsp;<em>un&#8217;alta quantit\u00e0 di tavoli<\/em>&nbsp;e lavorano bene in contesti operativi esigenti. Le interfacce sono personalizzabili per aderire alle richieste dell&#8217;operatore.<\/p>\n\n\n\n<p>Il tuo registratore di cassa, non \u00e8 solo un dispositivo che registra le vendite dell&#8217;esercizio commerciale! La&nbsp;<strong>possibilit\u00e0 di collegarsi ad internet<\/strong>&nbsp;e di accedere a&nbsp;<strong>piattaforme gestionali<\/strong>&nbsp;ne fanno un dispositivo completo per la tua attivit\u00e0 commerciale. Le buone notizie non sono finite qui! Puoi collegare il tuo&nbsp;<strong>tablet<\/strong>&nbsp;e gestire le comande in modo facile e veloce.<\/p>\n\n\n\n<h4 class=\"wp-block-heading\">Registratori di cassa per Tabacchi \u2013 Edicole Olivetti \u2013 Rossi Office<\/h4>\n\n\n\n<p><em>I registratori di cassa per tabacchi ed edicole firmati Olivetti<\/em>, sono garanzia di qualit\u00e0 ed efficienza. Rossi Office presenta alcuni dei pi\u00f9 importanti modelli di&nbsp;<strong>casse fiscali<\/strong>&nbsp;coniugando qualit\u00e0, prezzo, evoluzione tecnica.<\/p>\n\n\n\n<p>Ascoltando le richieste dei clienti pi\u00f9 esigenti ci siamo chiesti: qual&#8217;\u00e8 il registratore di cassa ideale per il punto vendita di un tabaccaio o un edicolante? Rossi Office propone una gamma di prodotti di gestione del flusso economico che si contraddistingue per&nbsp;<strong>facilit\u00e0 d&#8217;uso<\/strong>,&nbsp;<strong>compatta<\/strong>&nbsp;e con una garantita&nbsp;<strong>velocit\u00e0 di stampa<\/strong>.<\/p>\n","protected":false},"excerpt":{"rendered":"<p>Registratori di Cassa Olivettiper il tuo punto vendita I&nbsp;registratori di cassa Olivetti&nbsp;proposti da&nbsp;Rossi Office&nbsp;sono soluzioni che coniugano design, semplicit\u00e0 d&#8217;uso, affidabilit\u00e0. Le casse automatiche scelte dalla nostra azienda non sono solo dispositivi per la registrazione di transazioni di vendita. E&#8217; pensando con attenzione alle&nbsp;esigenze commerciali del retail&nbsp;che concretizziamo soluzioni fiscali pi\u00f9 convenienti per i nostri [&hellip;]<\/p>\n","protected":false},"author":1,"featured_media":0,"parent":0,"menu_order":0,"comment_status":"closed","ping_status":"closed","template":"","meta":{"footnotes":""},"class_list":["post-439","page","type-page","status-publish","hentry"],"_links":{"self":[{"href":"https:\/\/www.rossioffice.com\/index.php?rest_route=\/wp\/v2\/pages\/439","targetHints":{"allow":["GET"]}}],"collection":[{"href":"https:\/\/www.rossioffice.com\/index.php?rest_route=\/wp\/v2\/pages"}],"about":[{"href":"https:\/\/www.rossioffice.com\/index.php?rest_route=\/wp\/v2\/types\/page"}],"author":[{"embeddable":true,"href":"https:\/\/www.rossioffice.com\/index.php?rest_route=\/wp\/v2\/users\/1"}],"replies":[{"embeddable":true,"href":"https:\/\/www.rossioffice.com\/index.php?rest_route=%2Fwp%2Fv2%2Fcomments&post=439"}],"version-history":[{"count":1,"href":"https:\/\/www.rossioffice.com\/index.php?rest_route=\/wp\/v2\/pages\/439\/revisions"}],"predecessor-version":[{"id":440,"href":"https:\/\/www.rossioffice.com\/index.php?rest_route=\/wp\/v2\/pages\/439\/revisions\/440"}],"wp:attachment":[{"href":"https:\/\/www.rossioffice.com\/index.php?rest_route=%2Fwp%2Fv2%2Fmedia&parent=439"}],"curies":[{"name":"wp","href":"https:\/\/api.w.org\/{rel}","templated":true}]}}