{"id":437,"date":"2022-07-22T16:59:15","date_gmt":"2022-07-22T14:59:15","guid":{"rendered":"http:\/\/www.rossioffice1.com\/?page_id=437"},"modified":"2022-07-22T16:59:15","modified_gmt":"2022-07-22T14:59:15","slug":"servizi-in-cloud","status":"publish","type":"page","link":"https:\/\/www.rossioffice.com\/?page_id=437","title":{"rendered":"Servizi in Cloud"},"content":{"rendered":"\n<h4 class=\"wp-block-heading\">Servizi Cloud Computering: quale scegliere?<\/h4>\n\n\n\n<p>I&nbsp;<em>servizi di cloud computering<\/em>&nbsp;sono fondamentali per qualsiasi azienda che lavori con i&nbsp;<strong>dati di clienti e\/ o propri&nbsp;<\/strong>e abbia bisogno di un servizio di&nbsp;<strong>storage<\/strong>. Per esempio, uno studio commercialista (piccolo o grande che sia) potr\u00e0 trovare la soluzione cloud economica e funzionale alle sue necessit\u00e0 di memorizzazione e ripristino dei dati.<\/p>\n\n\n\n<p>Il consiglio che Rossi Office d\u00e0 i suoi clienti \u00e8 quello di trovare un giusto compromesso tra le&nbsp;<strong>potenzialit\u00e0 Hi-Tech<\/strong>&nbsp;e il&nbsp;<strong>prezzo del servizio informatico<\/strong>, senza tralasciare le esigenze di informatizzazione dell&#8217;azienda.<\/p>\n\n\n\n<p>Infatti, il costo del servizio pu\u00f2 essere considerato come un investimento: la domanda a cui bisognerebbe rispondere \u00e8 questa:&nbsp;<strong>quanto ti fa risparmiare una soluzione Cloud in termini di tempo e organizzazione del lavoro?<\/strong><\/p>\n\n\n\n<h4 class=\"wp-block-heading\">In base a quali parametri scelgo il mio servizio Cloud?<\/h4>\n\n\n\n<p>Una&nbsp;<em>soluzione computering<\/em>&nbsp;presenta diverse variabili da tenere in considerazione.<\/p>\n\n\n\n<ul class=\"wp-block-list\"><li>Sicurezza: la tua nuvola informatica immagazzina dati ed \u00e8 necessario che sia sicura e garantisca la privacy di chi ne utilizza i servizi.<\/li><li>Localizzazione dei dati: un altro fattore da valutare \u00e8 quello di capire dove sono immagazzinati i miei dati. Se io vivo a Padova, mi fido che i miei dati siano a 20 mila chilometri da dove vivo?<\/li><li>Continuit\u00e0 del servizio: avere dei tempi prolungati di \u201cfermo\u201d potrebbe essere un problema rilevante per una Pmi, un&#8217;impresa individuale e qualsiasi azienda che lavori con dati in cloud computering. Per questo \u00e8 meglio rivolgersi ad aziende con esperienza nel servizio, con diverse tipologie di clienti che possano offrire una soluzione personalizzata alle tue richieste.<\/li><\/ul>\n\n\n\n<h4 class=\"wp-block-heading\">Servizio Di Backup Remoto(BaaS)<\/h4>\n\n\n\n<p>Backup as a Service (BaaS) \u00e8 il nuovo servizio che consente di proteggere i tuoi dati aziendali su Data Center Remoto. Grazie ad una semplice interfaccia web imposti il backup automatico: hai il controllo del salvataggio dei tuoi dati e, conclusa l\u2019archiviazione, il sistema ti conferma il buon esito del backup. Tutto con un click!<\/p>\n\n\n\n<ul class=\"wp-block-list\"><li>Sicurezza<\/li><li>Velocit\u00e0<\/li><li>Diminuizione dei costi<\/li><li>Facilit\u00e0 D&#8217;Uso<\/li><li>App Gratuita per gestire il tuo spazio!<\/li><li>Possibilit\u00e0 di Personalizzazione del servizio<\/li><\/ul>\n\n\n\n<h4 class=\"wp-block-heading\">Tutti propongono la nuvola, in pochi offrono questi servizi:<\/h4>\n\n\n\n<ul class=\"wp-block-list\"><li>Rapida attivazione<\/li><li>Servizio di Help Desk dedicato<\/li><li>Riduzione dei problemi causati da obsolescenza dei sistemi informatici<\/li><li>Manutenzione<\/li><li>DataCenter in provincia di Padova<\/li><li>Servizi VPS<\/li><li>Servizi Di Housing<\/li><li>Servizi Mail<\/li><li>Hosting Frazionabili (web o Mail Oriented)<\/li><li>Cloud Privati<\/li><li>Servizi di Backup Remoto<\/li><li>SMTP Massivi<\/li><li>Servizi MySql<\/li><\/ul>\n","protected":false},"excerpt":{"rendered":"<p>Servizi Cloud Computering: quale scegliere? I&nbsp;servizi di cloud computering&nbsp;sono fondamentali per qualsiasi azienda che lavori con i&nbsp;dati di clienti e\/ o propri&nbsp;e abbia bisogno di un servizio di&nbsp;storage. Per esempio, uno studio commercialista (piccolo o grande che sia) potr\u00e0 trovare la soluzione cloud economica e funzionale alle sue necessit\u00e0 di memorizzazione e ripristino dei dati. [&hellip;]<\/p>\n","protected":false},"author":1,"featured_media":0,"parent":0,"menu_order":0,"comment_status":"closed","ping_status":"closed","template":"","meta":{"footnotes":""},"class_list":["post-437","page","type-page","status-publish","hentry"],"_links":{"self":[{"href":"https:\/\/www.rossioffice.com\/index.php?rest_route=\/wp\/v2\/pages\/437","targetHints":{"allow":["GET"]}}],"collection":[{"href":"https:\/\/www.rossioffice.com\/index.php?rest_route=\/wp\/v2\/pages"}],"about":[{"href":"https:\/\/www.rossioffice.com\/index.php?rest_route=\/wp\/v2\/types\/page"}],"author":[{"embeddable":true,"href":"https:\/\/www.rossioffice.com\/index.php?rest_route=\/wp\/v2\/users\/1"}],"replies":[{"embeddable":true,"href":"https:\/\/www.rossioffice.com\/index.php?rest_route=%2Fwp%2Fv2%2Fcomments&post=437"}],"version-history":[{"count":1,"href":"https:\/\/www.rossioffice.com\/index.php?rest_route=\/wp\/v2\/pages\/437\/revisions"}],"predecessor-version":[{"id":438,"href":"https:\/\/www.rossioffice.com\/index.php?rest_route=\/wp\/v2\/pages\/437\/revisions\/438"}],"wp:attachment":[{"href":"https:\/\/www.rossioffice.com\/index.php?rest_route=%2Fwp%2Fv2%2Fmedia&parent=437"}],"curies":[{"name":"wp","href":"https:\/\/api.w.org\/{rel}","templated":true}]}}