{"id":435,"date":"2022-07-22T16:58:29","date_gmt":"2022-07-22T14:58:29","guid":{"rendered":"http:\/\/www.rossioffice1.com\/?page_id=435"},"modified":"2022-07-22T17:43:29","modified_gmt":"2022-07-22T15:43:29","slug":"sistemi-ict","status":"publish","type":"page","link":"https:\/\/www.rossioffice.com\/?page_id=435","title":{"rendered":"Sistemi ICT"},"content":{"rendered":"\n<p>Sistemi Ict di&nbsp;<strong>Rossi Office<\/strong>&nbsp;\u00e8 l&#8217;area aziendale dedicata a soluzioni gestionali. Lungo i 50 anni della nostra storia abbiamo seguito l&#8217;evoluzione dei processi tecnologici, il primo computer Olivetti, i sistemi di gestione aziendale.<\/p>\n\n\n\n<h4 class=\"wp-block-heading\">Cos&#8217;\u00e8 l&#8217;ICT<\/h4>\n\n\n\n<p><em>ICT<\/em>&nbsp;\u00e8 acronimo di&nbsp;<em>Information and Cummunication technology<\/em>. E&#8217; la branca che studia le tecnologie dell&#8217;informazione e della comunicazione di cui, di primaria importanza per la trasmissione dei dati, sono i sistemi di comunicazione come le&nbsp;<strong>reti<\/strong>. Oggi \u00e8 sempre pi\u00f9 fondamentale favorire la&nbsp;<strong>digitalizzazione della propria azienda<\/strong>. Perch\u00e9? Per riuscire a stare su un mercato estremamente competitivo e difficile come l&#8217;attuale. Infatti le soluzioni ICT permettono di&nbsp;<strong>abbassare i costi aziendali<\/strong>&nbsp;tramite software dedicati.<\/p>\n\n\n\n<h4 class=\"wp-block-heading\">L&#8217;area sistemi Ict \u00e8 specializzata nella soluzione ai problemi gestionali delle aziende.<\/h4>\n\n\n\n<p>Che siano piccole, medie o grandi, riduciamo le distanze tra&nbsp;<strong>efficienza aziendale e competitivit\u00e0 gestionale<\/strong>. I servizi che offriamo sono:<\/p>\n\n\n\n<ul class=\"wp-block-list\"><li>Cloud Compunting<\/li><li>Soluzione Server\/ Desktop Linux<\/li><li>Soluzione Server\/ Desktop Windows<\/li><li>Ubuntu Lts<\/li><li>Centralini VoIp &amp; Sicurezza Informatica<\/li><\/ul>\n\n\n\n<h4 class=\"wp-block-heading\">Rossi Office: 50 anni e non sentirli<\/h4>\n\n\n\n<p><strong>Installiamo soluzioni hardware<\/strong>&nbsp;e&nbsp;<strong>software<\/strong>&nbsp;ed offriamo servizi di&nbsp;<strong>consulenza aziendale<\/strong>. Pensi che la tua azienda abbia bisogno di una&nbsp;<em>consulenza informatica<\/em>? Contattaci e troveremo una risposta alle tue domande.<\/p>\n\n\n\n<h4 class=\"wp-block-heading\">Virtualizzazione con Ambienti VMWARE , PROXMOX , XEN<\/h4>\n\n\n\n<p>Che vantaggi pu\u00f2 portare la virtualizzazione di un&#8217;azienda?<\/p>\n\n\n\n<ul class=\"wp-block-list\"><li>Riduzione dei costi di amministrazione grazie alla maggiore semplicit\u00e0 nell&#8217;effettuare assistenza remota<\/li><li>Backup dell&#8217;intera macchina virtuale e non solo dei dati<\/li><li>Resistenza ai guasti grazie alla possibilit\u00e0 di spostare velocemente le macchine su nuovo hardware o server di backup<\/li><li>Protezione dagli errori umani grazie alla creazione di snapshot prima di effettuare aggiornamenti o operazioni rischiose<\/li><li>Indipendenza dall&#8217;hardware grazie alla possibilit\u00e0 di aggiornare server in futuro senza reinstallare i servizi<\/li><li>Monitoraggio dell&#8217;utilizzo delle risorse della macchina virtuali e facile identificazione di problemi software<\/li><li>Massima flessibilit\u00e0 nel caso in cui cambino le esigenze aziendali (aggiunta di macchine virtuali anche da remoto e in tempi rapidi, aggiornamenti, ecc.)<\/li><li>Automazione di spegnimento\/accensione macchine .<\/li><\/ul>\n\n\n\n<p>In sostanza anche nel caso in cui si tratti di un cliente con la necessit\u00e0 di una sola macchina virtuale crediamo che la virtualizzazione permetta maggiore affidabilit\u00e0 e un forte risparmio economico gi\u00e0 nei primi anni di vita del server.<\/p>\n\n\n\n<h4 class=\"wp-block-heading\">Server<\/h4>\n\n\n\n<p><strong>Servizi Server per la tua azienda.<\/strong>&nbsp;I&nbsp;<em>servizi server<\/em>&nbsp;che Rossi Office propone sono realizzati direttamente o grazie a partnership con diverse societ\u00e0 che si occupano di informatica e pi\u00f9 in generale di Ict. La digitalizzazione ha portato dei vantaggi per le aziende in termini economici e in base al tempo. Quali sono i parametri da tenere in considerazione nella scelta di un server?<\/p>\n\n\n\n<ul class=\"wp-block-list\"><li>Affidabilit\u00e0<\/li><li>Sicurezza<\/li><\/ul>\n\n\n\n<p>Questi due concetti, nell&#8217; ICT sono legati da una forte relazione di prominenza. Infatti, i&nbsp;<em>servizi server<\/em>&nbsp;sono tanto sicuri quanto affidabili. E l&#8217;importanza durante le fasi di lavoro dei nostri computer \u00e8 indiscutibile.<\/p>\n\n\n\n<p>Rossi Office propone delle&nbsp;<strong>soluzioni server in cui affidabilit\u00e0 e sicurezza sono le nostre garanzie<\/strong>. Quante tipologie di servizi server puoi scegliere per la tua azienda?<\/p>\n\n\n\n<h4 class=\"wp-block-heading\">Rossi Office propone due tipologie di soluzioni di servizi Server per aziende<\/h4>\n\n\n\n<p>Una soluzione server per&nbsp;<strong>Windows<\/strong>&nbsp;e una soluzione per&nbsp;<strong>Linux<\/strong>. Vuoi conoscere i vantaggi che queste soluzioni comportano? Quali sono le differenze? Vai nella sezione dedicata, e scoprirai ci\u00f2 che fa per te.<\/p>\n","protected":false},"excerpt":{"rendered":"<p>Sistemi Ict di&nbsp;Rossi Office&nbsp;\u00e8 l&#8217;area aziendale dedicata a soluzioni gestionali. Lungo i 50 anni della nostra storia abbiamo seguito l&#8217;evoluzione dei processi tecnologici, il primo computer Olivetti, i sistemi di gestione aziendale. Cos&#8217;\u00e8 l&#8217;ICT ICT&nbsp;\u00e8 acronimo di&nbsp;Information and Cummunication technology. E&#8217; la branca che studia le tecnologie dell&#8217;informazione e della comunicazione di cui, di primaria [&hellip;]<\/p>\n","protected":false},"author":1,"featured_media":0,"parent":0,"menu_order":0,"comment_status":"closed","ping_status":"closed","template":"","meta":{"footnotes":""},"class_list":["post-435","page","type-page","status-publish","hentry"],"_links":{"self":[{"href":"https:\/\/www.rossioffice.com\/index.php?rest_route=\/wp\/v2\/pages\/435","targetHints":{"allow":["GET"]}}],"collection":[{"href":"https:\/\/www.rossioffice.com\/index.php?rest_route=\/wp\/v2\/pages"}],"about":[{"href":"https:\/\/www.rossioffice.com\/index.php?rest_route=\/wp\/v2\/types\/page"}],"author":[{"embeddable":true,"href":"https:\/\/www.rossioffice.com\/index.php?rest_route=\/wp\/v2\/users\/1"}],"replies":[{"embeddable":true,"href":"https:\/\/www.rossioffice.com\/index.php?rest_route=%2Fwp%2Fv2%2Fcomments&post=435"}],"version-history":[{"count":2,"href":"https:\/\/www.rossioffice.com\/index.php?rest_route=\/wp\/v2\/pages\/435\/revisions"}],"predecessor-version":[{"id":471,"href":"https:\/\/www.rossioffice.com\/index.php?rest_route=\/wp\/v2\/pages\/435\/revisions\/471"}],"wp:attachment":[{"href":"https:\/\/www.rossioffice.com\/index.php?rest_route=%2Fwp%2Fv2%2Fmedia&parent=435"}],"curies":[{"name":"wp","href":"https:\/\/api.w.org\/{rel}","templated":true}]}}